{"id":56,"date":"2023-07-11T10:54:54","date_gmt":"2023-07-11T08:54:54","guid":{"rendered":"https:\/\/gisesystem.it\/?page_id=56"},"modified":"2023-09-19T18:51:49","modified_gmt":"2023-09-19T16:51:49","slug":"home","status":"publish","type":"page","link":"https:\/\/gisesystem.it\/?page_id=56&lang=it","title":{"rendered":"Home"},"content":{"rendered":"<p>[et_pb_section fb_built=&#8221;1&#8243; custom_padding_last_edited=&#8221;on|phone&#8221; admin_label=&#8221;Header&#8221; _builder_version=&#8221;4.21.0&#8243; _module_preset=&#8221;default&#8221; background_color=&#8221;#FFFFFF&#8221; background_image=&#8221;https:\/\/gisesystem.it\/wp-content\/uploads\/2023\/07\/0.jpg&#8221; custom_padding=&#8221;100px||100px||true|false&#8221; custom_padding_tablet=&#8221;80px||80px||true|false&#8221; custom_padding_phone=&#8221;60px||60px||true|false&#8221; global_colors_info=&#8221;{}&#8221;][et_pb_row column_structure=&#8221;3_5,2_5&#8243; make_equal=&#8221;on&#8221; _builder_version=&#8221;4.21.0&#8243; _module_preset=&#8221;default&#8221; custom_padding=&#8221;0px||||false|false&#8221; global_colors_info=&#8221;{}&#8221;][et_pb_column type=&#8221;3_5&#8243; _builder_version=&#8221;4.16&#8243; _module_preset=&#8221;default&#8221; custom_padding=&#8221;120px||||false|false&#8221; custom_padding_tablet=&#8221;&#8221; custom_padding_phone=&#8221;&#8221; custom_padding_last_edited=&#8221;on|desktop&#8221; global_colors_info=&#8221;{}&#8221;][et_pb_text _builder_version=&#8221;4.21.0&#8243; _module_preset=&#8221;default&#8221; text_font_size=&#8221;16px&#8221; text_line_height=&#8221;2.2em&#8221; header_font=&#8221;Merriweather|300|||||||&#8221; header_font_size=&#8221;74px&#8221; header_line_height=&#8221;1.4em&#8221; header_3_font=&#8221;|700||on|||||&#8221; header_3_font_size=&#8221;14px&#8221; header_3_letter_spacing=&#8221;4px&#8221; header_3_line_height=&#8221;1.4em&#8221; background_layout=&#8221;dark&#8221; text_font_size_tablet=&#8221;14px&#8221; text_font_size_phone=&#8221;&#8221; text_font_size_last_edited=&#8221;on|phone&#8221; header_font_size_tablet=&#8221;54px&#8221; header_font_size_phone=&#8221;34px&#8221; header_font_size_last_edited=&#8221;on|phone&#8221; global_colors_info=&#8221;{}&#8221;]<\/p>\n<h2><b>SISTEMA PER IL MIGLIORAMENTO DELL\u2019IDENTIFICAZIONE E DELLA GEOLOCALIZZAZIONE DEI CONTAINER<span class=\"Apple-converted-space\">\u00a0<\/span><\/b><\/h2>\n<h2><b><\/b><\/h2>\n<p><b><\/b><\/p>\n<h2><b>A PATENTED SYSTEM FOR IMPROVING THE IDENTIFICATION AND GEOLOCATION OF SHIPPING CONTAINERS<span class=\"Apple-converted-space\">\u00a0<\/span><\/b><\/h2>\n<h2><b><\/b><\/h2>\n<h2><b><\/b><\/h2>\n<h2><b>UN SYST\u00c8ME BREVET\u00c9 PERMETTANT D\u2019AM\u00c9LIORER L\u2019IDENTIFICATION ET LA G\u00c9OLOCALISATION DES CONTENEURS MARITIMES<span class=\"Apple-converted-space\">\u00a0<\/span><\/b><\/h2>\n<p>[\/et_pb_text][\/et_pb_column][et_pb_column type=&#8221;2_5&#8243; _builder_version=&#8221;4.21.0&#8243; _module_preset=&#8221;default&#8221; background_enable_color=&#8221;off&#8221; background_image=&#8221;https:\/\/gisesystem.it\/wp-content\/uploads\/2023\/07\/realtor-017.png&#8221; custom_padding=&#8221;120px|50px|50px||false|false&#8221; custom_padding_tablet=&#8221;50px||50px||true|false&#8221; custom_padding_phone=&#8221;20px|20px|20px||true|false&#8221; custom_padding_last_edited=&#8221;on|tablet&#8221; global_colors_info=&#8221;{}&#8221;][et_pb_image src=&#8221;https:\/\/gisesystem.it\/wp-content\/uploads\/2023\/07\/Screenshot-2023-07-11-alle-09.44.13.jpg&#8221; title_text=&#8221;Screenshot-2023-07-11-alle-09.44.13&#8243; _builder_version=&#8221;4.21.0&#8243; _module_preset=&#8221;default&#8221; custom_margin=&#8221;|||-40px|false|false&#8221; box_shadow_style=&#8221;preset2&#8243; box_shadow_horizontal=&#8221;56px&#8221; box_shadow_vertical=&#8221;56px&#8221; box_shadow_blur=&#8221;56px&#8221; global_colors_info=&#8221;{}&#8221;][\/et_pb_image][\/et_pb_column][\/et_pb_row][\/et_pb_section][et_pb_section fb_built=&#8221;1&#8243; admin_label=&#8221;Locations&#8221; _builder_version=&#8221;4.21.0&#8243; _module_preset=&#8221;default&#8221; use_background_color_gradient=&#8221;on&#8221; background_color_gradient_direction=&#8221;-90deg&#8221; background_color_gradient_stops=&#8221;#ffffff 65%|rgba(0,0,0,0) 65%&#8221; background_color_gradient_overlays_image=&#8221;on&#8221; background_color_gradient_start=&#8221;#ffffff&#8221; background_color_gradient_start_position=&#8221;65%&#8221; background_color_gradient_end=&#8221;rgba(0,0,0,0)&#8221; background_color_gradient_end_position=&#8221;0%&#8221; background_image=&#8221;https:\/\/gisesystem.it\/wp-content\/uploads\/2023\/07\/1-1.jpg&#8221; background_size=&#8221;contain&#8221; background_position=&#8221;center_left&#8221; custom_padding=&#8221;||1px|||&#8221; background_last_edited=&#8221;on|tablet&#8221; background_color_gradient_stops_tablet=&#8221;#ffffff 85%|rgba(0,0,0,0) 85%&#8221; background_color_gradient_stops_phone=&#8221;#ffffff 90%|rgba(0,0,0,0) 90%&#8221; background_color_gradient_start_position_tablet=&#8221;85%&#8221; background_color_gradient_start_position_phone=&#8221;90%&#8221; background_color_gradient_end_position_phone=&#8221;90%&#8221; global_colors_info=&#8221;{}&#8221;][et_pb_row custom_padding_last_edited=&#8221;on|phone&#8221; _builder_version=&#8221;4.16&#8243; _module_preset=&#8221;default&#8221; max_width=&#8221;none&#8221; custom_padding=&#8221;|||30%|false|false&#8221; custom_padding_tablet=&#8221;|||10%|false|false&#8221; custom_padding_phone=&#8221;|||5%|false|false&#8221; global_colors_info=&#8221;{}&#8221;][et_pb_column type=&#8221;4_4&#8243; _builder_version=&#8221;4.16&#8243; _module_preset=&#8221;default&#8221; global_colors_info=&#8221;{}&#8221;][et_pb_text _builder_version=&#8221;4.21.0&#8243; _module_preset=&#8221;default&#8221; text_font_size=&#8221;16px&#8221; text_line_height=&#8221;2.2em&#8221; header_2_font=&#8221;Merriweather|300|||||||&#8221; header_2_font_size=&#8221;74px&#8221; header_2_line_height=&#8221;1.4em&#8221; header_3_font=&#8221;|700||on|||||&#8221; header_3_font_size=&#8221;14px&#8221; header_3_letter_spacing=&#8221;4px&#8221; header_3_line_height=&#8221;1.4em&#8221; text_font_size_tablet=&#8221;14px&#8221; text_font_size_phone=&#8221;&#8221; text_font_size_last_edited=&#8221;on|phone&#8221; header_2_font_size_tablet=&#8221;54px&#8221; header_2_font_size_phone=&#8221;34px&#8221; header_2_font_size_last_edited=&#8221;on|phone&#8221; locked=&#8221;off&#8221; inline_fonts=&#8221;Roboto Condensed&#8221; global_colors_info=&#8221;{}&#8221;]<\/p>\n<p>&nbsp;<\/p>\n<h2><b><span style=\"font-family: 'Roboto Condensed';\">Sistema migliorativo ed economico<\/span><span class=\"Apple-converted-space\">\u00a0<\/span><\/b><\/h2>\n<p>Ogni anno vengono utilizzati circa 250.000.000 container per il trasporto delle merci. Identificare con pi\u00f9 facilit\u00e0 i container pu\u00f2 essere motivo di una maggiore efficenza a livello operativo in tutto il comparto della logistica. Il Sistema Gise pu\u00f2 migliorare l\u2019attuale operazione manuale, garantendo una immediata rilevazione trasmettendo attraverso i principali canali di comunicazione (whatsapp,SMS,email,telegramma,ecc&#8230;) la sigla e le caratteristiche tecniche e la sua geolocalizzazione. L\u2019applicazione per la trasmissione dei dati pu\u00f2 essere utilizzata da: <b>autisti, operatori doganali, operatori portuali (trattoriati,gruisti,ecc..), operatori compagnie marittime,spedizionieri, operatori ferroviari,operatori vari del settore della logistica.<span class=\"Apple-converted-space\">\u00a0<\/span><\/b><\/p>\n<p>[\/et_pb_text][et_pb_image src=&#8221;https:\/\/gisesystem.it\/wp-content\/uploads\/2023\/07\/Screenshot-2023-07-11-alle-10.06.42.jpg&#8221; title_text=&#8221;Screenshot 2023-07-11 alle 10.06.42&#8243; align=&#8221;center&#8221; _builder_version=&#8221;4.21.0&#8243; _module_preset=&#8221;default&#8221; global_colors_info=&#8221;{}&#8221;][\/et_pb_image][et_pb_text _builder_version=&#8221;4.21.0&#8243; _module_preset=&#8221;default&#8221; text_font_size=&#8221;16px&#8221; text_line_height=&#8221;2.2em&#8221; header_2_font=&#8221;Merriweather|300|||||||&#8221; header_2_font_size=&#8221;74px&#8221; header_2_line_height=&#8221;1.4em&#8221; header_3_font=&#8221;|700||on|||||&#8221; header_3_font_size=&#8221;14px&#8221; header_3_letter_spacing=&#8221;4px&#8221; header_3_line_height=&#8221;1.4em&#8221; text_font_size_tablet=&#8221;14px&#8221; text_font_size_phone=&#8221;&#8221; text_font_size_last_edited=&#8221;on|phone&#8221; header_2_font_size_tablet=&#8221;54px&#8221; header_2_font_size_phone=&#8221;34px&#8221; header_2_font_size_last_edited=&#8221;on|phone&#8221; locked=&#8221;off&#8221; inline_fonts=&#8221;Roboto Condensed&#8221; global_colors_info=&#8221;{}&#8221;]<\/p>\n<p>&nbsp;<\/p>\n<p>\u00c8 un sistema implementabile che pu\u00f2 essere utilizzato su telecamere presso i principali transiti dei container.<span class=\"Apple-converted-space\">\u00a0<\/span><\/p>\n<p>L\u2019applicazione effettuata rilevamenti anche con container in movimento.<span class=\"Apple-converted-space\">\u00a0<\/span><\/p>\n<p>[\/et_pb_text][et_pb_image src=&#8221;https:\/\/gisesystem.it\/wp-content\/uploads\/2023\/07\/Screenshot-2023-07-11-alle-10.10.02.jpg&#8221; title_text=&#8221;Screenshot-2023-07-11-alle-10.10.02&#8243; align=&#8221;center&#8221; _builder_version=&#8221;4.21.0&#8243; _module_preset=&#8221;default&#8221; global_colors_info=&#8221;{}&#8221;][\/et_pb_image][\/et_pb_column][\/et_pb_row][\/et_pb_section][et_pb_section fb_built=&#8221;1&#8243; admin_label=&#8221;Locations&#8221; _builder_version=&#8221;4.21.0&#8243; _module_preset=&#8221;default&#8221; use_background_color_gradient=&#8221;on&#8221; background_color_gradient_direction=&#8221;90deg&#8221; background_color_gradient_stops=&#8221;rgba(0,0,0,0) 100%|#ffffff 100%&#8221; background_color_gradient_overlays_image=&#8221;on&#8221; background_color_gradient_start=&#8221;#ffffff&#8221; background_color_gradient_start_position=&#8221;65%&#8221; background_color_gradient_end=&#8221;rgba(0,0,0,0)&#8221; background_color_gradient_end_position=&#8221;0%&#8221; background_image=&#8221;https:\/\/gisesystem.it\/wp-content\/uploads\/2023\/07\/11-1.jpg&#8221; background_size=&#8221;contain&#8221; background_position=&#8221;center_right&#8221; custom_padding=&#8221;||1px|||&#8221; background_last_edited=&#8221;on|tablet&#8221; background_color_gradient_stops_tablet=&#8221;#ffffff 85%|rgba(0,0,0,0) 85%&#8221; background_color_gradient_stops_phone=&#8221;#ffffff 90%|rgba(0,0,0,0) 90%&#8221; background_color_gradient_start_position_tablet=&#8221;85%&#8221; background_color_gradient_start_position_phone=&#8221;90%&#8221; background_color_gradient_end_position_phone=&#8221;90%&#8221; global_colors_info=&#8221;{}&#8221;][et_pb_row custom_padding_last_edited=&#8221;on|phone&#8221; _builder_version=&#8221;4.21.0&#8243; _module_preset=&#8221;default&#8221; max_width=&#8221;none&#8221; custom_padding=&#8221;|30%|||false|false&#8221; custom_padding_tablet=&#8221;|||10%|false|false&#8221; custom_padding_phone=&#8221;|||5%|false|false&#8221; global_colors_info=&#8221;{}&#8221;][et_pb_column type=&#8221;4_4&#8243; _builder_version=&#8221;4.16&#8243; _module_preset=&#8221;default&#8221; global_colors_info=&#8221;{}&#8221;][et_pb_text _builder_version=&#8221;4.21.0&#8243; _module_preset=&#8221;default&#8221; text_font_size=&#8221;45px&#8221; text_line_height=&#8221;1.3em&#8221; header_2_font=&#8221;Merriweather|300|||||||&#8221; header_2_font_size=&#8221;74px&#8221; header_2_line_height=&#8221;1.4em&#8221; header_3_font=&#8221;|700||on|||||&#8221; header_3_font_size=&#8221;14px&#8221; header_3_letter_spacing=&#8221;4px&#8221; header_3_line_height=&#8221;1.4em&#8221; text_font_size_tablet=&#8221;35px&#8221; text_font_size_phone=&#8221;&#8221; text_font_size_last_edited=&#8221;on|desktop&#8221; header_2_font_size_tablet=&#8221;54px&#8221; header_2_font_size_phone=&#8221;34px&#8221; header_2_font_size_last_edited=&#8221;on|phone&#8221; locked=&#8221;off&#8221; inline_fonts=&#8221;Roboto Condensed&#8221; global_colors_info=&#8221;{}&#8221;]<\/p>\n<p><span style=\"font-family: 'Roboto Condensed';\">Pu\u00f2 essere installato a bordo di mezzi operativi<\/span><\/p>\n<p>[\/et_pb_text][et_pb_image src=&#8221;https:\/\/gisesystem.it\/wp-content\/uploads\/2023\/07\/Screenshot-2023-07-11-alle-10.26.38.jpg&#8221; title_text=&#8221;Screenshot 2023-07-11 alle 10.26.38&#8243; align=&#8221;center&#8221; _builder_version=&#8221;4.21.0&#8243; _module_preset=&#8221;default&#8221; global_colors_info=&#8221;{}&#8221;][\/et_pb_image][et_pb_image src=&#8221;https:\/\/gisesystem.it\/wp-content\/uploads\/2023\/07\/Screenshot-2023-07-11-alle-10.26.46.jpg&#8221; title_text=&#8221;Screenshot 2023-07-11 alle 10.26.46&#8243; align=&#8221;center&#8221; _builder_version=&#8221;4.21.0&#8243; _module_preset=&#8221;default&#8221; global_colors_info=&#8221;{}&#8221;][\/et_pb_image][\/et_pb_column][\/et_pb_row][\/et_pb_section][et_pb_section fb_built=&#8221;1&#8243; admin_label=&#8221;Locations&#8221; _builder_version=&#8221;4.21.0&#8243; _module_preset=&#8221;default&#8221; use_background_color_gradient=&#8221;on&#8221; background_color_gradient_direction=&#8221;-90deg&#8221; background_color_gradient_stops=&#8221;#ffffff 65%|rgba(0,0,0,0) 65%&#8221; background_color_gradient_overlays_image=&#8221;on&#8221; background_color_gradient_start=&#8221;#ffffff&#8221; background_color_gradient_start_position=&#8221;65%&#8221; background_color_gradient_end=&#8221;rgba(0,0,0,0)&#8221; background_color_gradient_end_position=&#8221;0%&#8221; background_image=&#8221;https:\/\/gisesystem.it\/wp-content\/uploads\/2023\/07\/16-1.jpg&#8221; background_size=&#8221;initial&#8221; background_position=&#8221;center_left&#8221; custom_padding=&#8221;||1px|||&#8221; background_last_edited=&#8221;on|tablet&#8221; background_color_gradient_stops_tablet=&#8221;#ffffff 85%|rgba(0,0,0,0) 85%&#8221; background_color_gradient_stops_phone=&#8221;#ffffff 90%|rgba(0,0,0,0) 90%&#8221; background_color_gradient_start_position_tablet=&#8221;85%&#8221; background_color_gradient_start_position_phone=&#8221;90%&#8221; background_color_gradient_end_position_phone=&#8221;90%&#8221; global_colors_info=&#8221;{}&#8221;][et_pb_row custom_padding_last_edited=&#8221;on|phone&#8221; _builder_version=&#8221;4.16&#8243; _module_preset=&#8221;default&#8221; max_width=&#8221;none&#8221; custom_padding=&#8221;|||30%|false|false&#8221; custom_padding_tablet=&#8221;|||10%|false|false&#8221; custom_padding_phone=&#8221;|||5%|false|false&#8221; global_colors_info=&#8221;{}&#8221;][et_pb_column type=&#8221;4_4&#8243; _builder_version=&#8221;4.16&#8243; _module_preset=&#8221;default&#8221; global_colors_info=&#8221;{}&#8221;][et_pb_text _builder_version=&#8221;4.21.0&#8243; _module_preset=&#8221;default&#8221; text_font_size=&#8221;45px&#8221; text_line_height=&#8221;1.3em&#8221; header_2_font=&#8221;Merriweather|300|||||||&#8221; header_2_font_size=&#8221;74px&#8221; header_2_line_height=&#8221;1.4em&#8221; header_3_font=&#8221;|700||on|||||&#8221; header_3_font_size=&#8221;14px&#8221; header_3_letter_spacing=&#8221;4px&#8221; header_3_line_height=&#8221;1.4em&#8221; text_font_size_tablet=&#8221;35px&#8221; text_font_size_phone=&#8221;&#8221; text_font_size_last_edited=&#8221;on|desktop&#8221; header_2_font_size_tablet=&#8221;54px&#8221; header_2_font_size_phone=&#8221;34px&#8221; header_2_font_size_last_edited=&#8221;on|phone&#8221; locked=&#8221;off&#8221; inline_fonts=&#8221;Roboto Condensed&#8221; global_colors_info=&#8221;{}&#8221;]<\/p>\n<p><span style=\"font-family: 'Roboto Condensed';\">Informazioni in tempo reale<\/span><\/p>\n<p>[\/et_pb_text][et_pb_text _builder_version=&#8221;4.21.0&#8243; _module_preset=&#8221;default&#8221; text_font_size=&#8221;16px&#8221; text_line_height=&#8221;2.2em&#8221; header_2_font=&#8221;Merriweather|300|||||||&#8221; header_2_font_size=&#8221;74px&#8221; header_2_line_height=&#8221;1.4em&#8221; header_3_font=&#8221;|700||on|||||&#8221; header_3_font_size=&#8221;14px&#8221; header_3_letter_spacing=&#8221;4px&#8221; header_3_line_height=&#8221;1.4em&#8221; text_font_size_tablet=&#8221;14px&#8221; text_font_size_phone=&#8221;&#8221; text_font_size_last_edited=&#8221;on|phone&#8221; header_2_font_size_tablet=&#8221;54px&#8221; header_2_font_size_phone=&#8221;34px&#8221; header_2_font_size_last_edited=&#8221;on|phone&#8221; locked=&#8221;off&#8221; inline_fonts=&#8221;Roboto Condensed&#8221; global_colors_info=&#8221;{}&#8221;]Pu\u00f2 trasmettere al momento dell\u2019identificazione oltre alla geolocalizzazione anche immagini integrative. Ad esempio da periti che devono relazionare danni al proprietario che avr\u00e0 poi in memoria tutta la cronologia delle riparazioni su ogni container o dall\u2019invio dell\u2019immagine del sigillo per documentarne l\u2019integrit\u00e0 del carico.<span class=\"Apple-converted-space\">\u00a0<\/span><\/b>[\/et_pb_text][et_pb_image src=&#8221;https:\/\/gisesystem.it\/wp-content\/uploads\/2023\/07\/Screenshot-2023-07-11-alle-10.35.44.jpg&#8221; title_text=&#8221;Screenshot 2023-07-11 alle 10.35.44&#8243; align=&#8221;center&#8221; _builder_version=&#8221;4.21.0&#8243; _module_preset=&#8221;default&#8221; global_colors_info=&#8221;{}&#8221;][\/et_pb_image][\/et_pb_column][\/et_pb_row][\/et_pb_section][et_pb_section fb_built=&#8221;1&#8243; admin_label=&#8221;Locations&#8221; _builder_version=&#8221;4.21.0&#8243; _module_preset=&#8221;default&#8221; use_background_color_gradient=&#8221;on&#8221; background_color_gradient_direction=&#8221;90deg&#8221; background_color_gradient_stops=&#8221;#ffffff 0%|rgba(0,0,0,0) 83%&#8221; background_color_gradient_overlays_image=&#8221;on&#8221; background_color_gradient_start=&#8221;#ffffff&#8221; background_color_gradient_start_position=&#8221;65%&#8221; background_color_gradient_end=&#8221;rgba(0,0,0,0)&#8221; background_color_gradient_end_position=&#8221;0%&#8221; background_image=&#8221;https:\/\/gisesystem.it\/wp-content\/uploads\/2023\/07\/23.jpg&#8221; background_size=&#8221;contain&#8221; background_position=&#8221;center_right&#8221; custom_padding=&#8221;||1px|||&#8221; background_last_edited=&#8221;on|tablet&#8221; background_color_gradient_stops_tablet=&#8221;#ffffff 85%|rgba(0,0,0,0) 85%&#8221; background_color_gradient_stops_phone=&#8221;#ffffff 90%|rgba(0,0,0,0) 90%&#8221; background_color_gradient_start_position_tablet=&#8221;85%&#8221; background_color_gradient_start_position_phone=&#8221;90%&#8221; background_color_gradient_end_position_phone=&#8221;90%&#8221; global_colors_info=&#8221;{}&#8221;][et_pb_row custom_padding_last_edited=&#8221;on|phone&#8221; _builder_version=&#8221;4.21.0&#8243; _module_preset=&#8221;default&#8221; max_width=&#8221;none&#8221; custom_padding=&#8221;|40%|||false|false&#8221; custom_padding_tablet=&#8221;|||10%|false|false&#8221; custom_padding_phone=&#8221;|||5%|false|false&#8221; global_colors_info=&#8221;{}&#8221;][et_pb_column type=&#8221;4_4&#8243; _builder_version=&#8221;4.16&#8243; _module_preset=&#8221;default&#8221; global_colors_info=&#8221;{}&#8221;][et_pb_text _builder_version=&#8221;4.21.0&#8243; _module_preset=&#8221;default&#8221; text_font_size=&#8221;45px&#8221; text_line_height=&#8221;1.3em&#8221; header_2_font=&#8221;Merriweather|300|||||||&#8221; header_2_font_size=&#8221;74px&#8221; header_2_line_height=&#8221;1.4em&#8221; header_3_font=&#8221;|700||on|||||&#8221; header_3_font_size=&#8221;14px&#8221; header_3_letter_spacing=&#8221;4px&#8221; header_3_line_height=&#8221;1.4em&#8221; text_font_size_tablet=&#8221;35px&#8221; text_font_size_phone=&#8221;&#8221; text_font_size_last_edited=&#8221;on|desktop&#8221; header_2_font_size_tablet=&#8221;54px&#8221; header_2_font_size_phone=&#8221;34px&#8221; header_2_font_size_last_edited=&#8221;on|phone&#8221; locked=&#8221;off&#8221; inline_fonts=&#8221;Roboto Condensed&#8221; global_colors_info=&#8221;{}&#8221;]<\/p>\n<p><span style=\"font-family: 'Roboto Condensed';\">Descrizione del sistema<\/span><\/p>\n<p>[\/et_pb_text][et_pb_text _builder_version=&#8221;4.21.0&#8243; _module_preset=&#8221;default&#8221; text_font_size=&#8221;16px&#8221; text_line_height=&#8221;2.2em&#8221; header_2_font=&#8221;Merriweather|300|||||||&#8221; header_2_font_size=&#8221;74px&#8221; header_2_line_height=&#8221;1.4em&#8221; header_3_font=&#8221;|700||on|||||&#8221; header_3_font_size=&#8221;14px&#8221; header_3_letter_spacing=&#8221;4px&#8221; header_3_line_height=&#8221;1.4em&#8221; text_font_size_tablet=&#8221;14px&#8221; text_font_size_phone=&#8221;&#8221; text_font_size_last_edited=&#8221;on|phone&#8221; header_2_font_size_tablet=&#8221;54px&#8221; header_2_font_size_phone=&#8221;34px&#8221; header_2_font_size_last_edited=&#8221;on|phone&#8221; locked=&#8221;off&#8221; inline_fonts=&#8221;Roboto Condensed&#8221; global_colors_info=&#8221;{}&#8221;]<\/p>\n<p>&nbsp;<\/p>\n<p><b>Targa adesiva o metallica<span class=\"Apple-converted-space\">\u00a0<\/span><\/b><\/p>\n<p>Targa adesiva o metallica con Qr criptato visibile solo da applicazione. Pu\u00f2 essere applicata e registrata\/abbinata alla sigla del container in meno di 3 min da operatori autorizzati dal proprietario.<span class=\"Apple-converted-space\">\u00a0<\/span><\/p>\n<p><b><\/b><\/p>\n<p><b>Applicazione<span class=\"Apple-converted-space\">\u00a0<\/span><\/b><\/p>\n<p>Scaricabile da iOS e Android.<span class=\"Apple-converted-space\"><br \/><\/span>Pu\u00f2 essere personalizzabile a seconda delle autorizzazioni che pu\u00f2 dare il proprietario.<span class=\"Apple-converted-space\">\u00a0<\/span><\/p>\n<p><b><\/b><\/p>\n<p><b>Software<span class=\"Apple-converted-space\">\u00a0<\/span><\/b><\/p>\n<p>\u00c8 completamente personalizzabile ed implementabile in funzione ad esigenze operative. Permette ai proprietari dei container di monitorare gli spostamenti, ottenendo tutte le registrazioni con tutte le informazioni ad ogni rilevamento. Oltre ad acquisire tutte le immagini con le riparazioni eseguite avendone riscontro.<span class=\"Apple-converted-space\">\u00a0<\/span><\/p>\n<p>[\/et_pb_text][et_pb_image src=&#8221;https:\/\/gisesystem.it\/wp-content\/uploads\/2023\/07\/Screenshot-2023-07-11-alle-10.44.22.jpg&#8221; title_text=&#8221;Screenshot 2023-07-11 alle 10.44.22&#8243; align=&#8221;center&#8221; _builder_version=&#8221;4.21.0&#8243; _module_preset=&#8221;default&#8221; global_colors_info=&#8221;{}&#8221;][\/et_pb_image][\/et_pb_column][\/et_pb_row][\/et_pb_section][et_pb_section fb_built=&#8221;1&#8243; custom_padding_last_edited=&#8221;on|phone&#8221; admin_label=&#8221;Footer&#8221; _builder_version=&#8221;4.21.0&#8243; _module_preset=&#8221;default&#8221; background_color=&#8221;rgba(0,0,0,0.82)&#8221; background_enable_image=&#8221;off&#8221; custom_padding=&#8221;100px||100px||true|false&#8221; custom_padding_tablet=&#8221;80px||80px||true|false&#8221; custom_padding_phone=&#8221;60px||60px||true|false&#8221; saved_tabs=&#8221;all&#8221; locked=&#8221;off&#8221; global_colors_info=&#8221;{}&#8221;][et_pb_row column_structure=&#8221;1_4,1_2,1_4&#8243; _builder_version=&#8221;4.16&#8243; _module_preset=&#8221;default&#8221; global_colors_info=&#8221;{}&#8221;][et_pb_column type=&#8221;1_4&#8243; _builder_version=&#8221;4.16&#8243; _module_preset=&#8221;default&#8221; global_colors_info=&#8221;{}&#8221;][et_pb_text _builder_version=&#8221;4.21.0&#8243; _module_preset=&#8221;default&#8221; header_2_font=&#8221;Merriweather|300|||||||&#8221; header_2_font_size=&#8221;54px&#8221; header_2_line_height=&#8221;1.4em&#8221; background_layout=&#8221;dark&#8221; header_2_font_size_tablet=&#8221;44px&#8221; header_2_font_size_phone=&#8221;28px&#8221; header_2_font_size_last_edited=&#8221;on|phone&#8221; locked=&#8221;off&#8221; global_colors_info=&#8221;{}&#8221;]<\/p>\n<p><img loading=\"lazy\" decoding=\"async\" src=\"https:\/\/gisesystem.it\/wp-content\/uploads\/2023\/07\/Screenshot-2023-07-11-alle-09.44.13-300x214.jpg\" width=\"300\" height=\"214\" alt=\"\" class=\"wp-image-80 alignnone size-medium\" \/><\/p>\n<p>[\/et_pb_text][\/et_pb_column][et_pb_column type=&#8221;1_2&#8243; _builder_version=&#8221;4.16&#8243; _module_preset=&#8221;default&#8221; global_colors_info=&#8221;{}&#8221;][et_pb_text _builder_version=&#8221;4.21.0&#8243; _module_preset=&#8221;default&#8221; text_font_size=&#8221;16px&#8221; text_line_height=&#8221;2.2em&#8221; background_layout=&#8221;dark&#8221; text_font_size_tablet=&#8221;14px&#8221; text_font_size_phone=&#8221;&#8221; text_font_size_last_edited=&#8221;on|phone&#8221; locked=&#8221;off&#8221; global_colors_info=&#8221;{}&#8221;]<\/p>\n<p><b>Vgm Italy Srl<span class=\"Apple-converted-space\">\u00a0<\/span><\/b><\/p>\n<p>Via Sampierdarena 216r Genova 16149 Italia<span class=\"Apple-converted-space\">\u00a0<\/span><\/p>\n<p>+39 010 292 4540<span class=\"Apple-converted-space\">\u00a0<\/span><\/p>\n<p>referente<span class=\"Apple-converted-space\">\u00a0<\/span><\/p>\n<p><b>Roberto Settecerze<span class=\"Apple-converted-space\">\u00a0<\/span><\/b><\/p>\n<p>+39 333 7008313<span class=\"Apple-converted-space\">\u00a0<\/span><\/p>\n<p><a href=\"mailto:amministrazione@vgmitaly.it\">amministrazione@vgmitaly.it<\/a><span class=\"Apple-converted-space\">\u00a0<\/span><\/p>\n<p>[\/et_pb_text][\/et_pb_column][et_pb_column type=&#8221;1_4&#8243; _builder_version=&#8221;4.16&#8243; _module_preset=&#8221;default&#8221; global_colors_info=&#8221;{}&#8221;][\/et_pb_column][\/et_pb_row][\/et_pb_section]<\/p>\n","protected":false},"excerpt":{"rendered":"<p>SISTEMA PER IL MIGLIORAMENTO DELL\u2019IDENTIFICAZIONE E DELLA GEOLOCALIZZAZIONE DEI CONTAINER\u00a0 A PATENTED SYSTEM FOR IMPROVING THE IDENTIFICATION AND GEOLOCATION OF SHIPPING CONTAINERS\u00a0 UN SYST\u00c8ME BREVET\u00c9 PERMETTANT D\u2019AM\u00c9LIORER L\u2019IDENTIFICATION ET LA G\u00c9OLOCALISATION DES CONTENEURS MARITIMES\u00a0&nbsp; Sistema migliorativo ed economico\u00a0 Ogni anno vengono utilizzati circa 250.000.000 container per il trasporto delle merci. Identificare con pi\u00f9 facilit\u00e0 i [&hellip;]<\/p>\n","protected":false},"author":3,"featured_media":0,"parent":0,"menu_order":0,"comment_status":"closed","ping_status":"closed","template":"","meta":{"_et_pb_use_builder":"on","_et_pb_old_content":"","_et_gb_content_width":"","footnotes":""},"class_list":["post-56","page","type-page","status-publish","hentry"],"_links":{"self":[{"href":"https:\/\/gisesystem.it\/index.php?rest_route=\/wp\/v2\/pages\/56","targetHints":{"allow":["GET"]}}],"collection":[{"href":"https:\/\/gisesystem.it\/index.php?rest_route=\/wp\/v2\/pages"}],"about":[{"href":"https:\/\/gisesystem.it\/index.php?rest_route=\/wp\/v2\/types\/page"}],"author":[{"embeddable":true,"href":"https:\/\/gisesystem.it\/index.php?rest_route=\/wp\/v2\/users\/3"}],"replies":[{"embeddable":true,"href":"https:\/\/gisesystem.it\/index.php?rest_route=%2Fwp%2Fv2%2Fcomments&post=56"}],"version-history":[{"count":8,"href":"https:\/\/gisesystem.it\/index.php?rest_route=\/wp\/v2\/pages\/56\/revisions"}],"predecessor-version":[{"id":114,"href":"https:\/\/gisesystem.it\/index.php?rest_route=\/wp\/v2\/pages\/56\/revisions\/114"}],"wp:attachment":[{"href":"https:\/\/gisesystem.it\/index.php?rest_route=%2Fwp%2Fv2%2Fmedia&parent=56"}],"curies":[{"name":"wp","href":"https:\/\/api.w.org\/{rel}","templated":true}]}}